{"id":6,"date":"2023-02-06T14:05:49","date_gmt":"2023-02-06T13:05:49","guid":{"rendered":"https:\/\/dev.workerstattoo.com\/devdev\/index.php\/colibri-wp\/"},"modified":"2023-02-07T01:24:15","modified_gmt":"2023-02-07T00:24:15","slug":"colibri-wp","status":"publish","type":"page","link":"https:\/\/dev.workerstattoo.com\/devdev\/","title":{"rendered":"Front Page"},"content":{"rendered":"<div data-colibri-id=\"6-c1\" class=\"style-191 style-local-6-c1 position-relative\">\n  <!---->\n  <div data-colibri-component=\"section\" data-colibri-id=\"6-c2\" id=\"blog\" class=\"h-section h-section-global-spacing d-flex align-items-lg-center align-items-md-center align-items-center style-241 style-local-6-c2 position-relative\">\n    <!---->\n    <!---->\n    <div class=\"h-section-grid-container h-section-boxed-container\">\n      <div data-colibri-id=\"6-c11\" class=\"h-row-container gutters-row-lg-2 gutters-row-md-2 gutters-row-2 gutters-row-v-lg-2 gutters-row-v-md-2 gutters-row-v-2 style-254 style-local-6-c11 position-relative\">\n        <!---->\n        <div class=\"h-row justify-content-lg-center justify-content-md-center justify-content-center align-items-lg-stretch align-items-md-stretch align-items-stretch gutters-col-lg-2 gutters-col-md-2 gutters-col-2 gutters-col-v-lg-2 gutters-col-v-md-2 gutters-col-v-2\">\n          <!---->\n          <div class=\"h-column h-column-container d-flex h-col-lg-auto h-col-md-auto h-col-auto style-255-outer style-local-6-c12-outer\">\n            <div data-colibri-id=\"6-c12\" class=\"d-flex h-flex-basis h-column__inner h-px-lg-2 h-px-md-2 h-px-2 v-inner-lg-2 v-inner-md-2 v-inner-2 style-255 style-local-6-c12 position-relative\">\n              <!---->\n              <!---->\n              <div class=\"w-100 h-y-container h-column__content h-column__v-align flex-basis-100 align-self-lg-start align-self-md-start align-self-start\">\n                <!---->\n                <div data-colibri-id=\"6-c13\" class=\"h-global-transition-all h-heading style-256 style-local-6-c13 position-relative h-element\">\n                  <!---->\n                  <div class=\"h-heading__outer style-256 style-local-6-c13\">\n                    <!---->\n                    <!---->\n                    <h2 class=\"\"><span style=\"font-weight: 400; font-size: 101%;\">Nos artistes tatoueurs<\/span><\/h2>\n                  <\/div>\n                <\/div>\n                <div data-colibri-id=\"6-c14\" class=\"h-lead h-text h-text-component style-257 style-local-6-c14 position-relative h-element\">\n                  <!---->\n                  <!---->\n                  <div class=\"\">\n                    <p><span style=\"color: rgb(51, 51, 51); font-family: &quot;Open Sans&quot;; font-size: 98%; font-weight: 300;\">Nos tatoueurs professionnels et exp\u00e9riment\u00e9s proposent une large gamme de designs et de styles pour r\u00e9pondre \u00e0 tous les go\u00fbts. D\u00e9couvrez notre \u00e9quipe d\u2019artistes talentueux et laissez-vous inspirer par leur travail.<\/span><\/p>\n                  <\/div>\n                <\/div>\n              <\/div>\n            <\/div>\n          <\/div>\n        <\/div>\n      <\/div>\n      <div data-colibri-id=\"6-c3\" class=\"h-row-container gutters-row-lg-0 gutters-row-md-0 gutters-row-0 gutters-row-v-lg-0 gutters-row-v-md-0 gutters-row-v-0 style-242 style-local-6-c3 position-relative\">\n        <!---->\n        <div class=\"h-row justify-content-lg-center justify-content-md-center justify-content-center align-items-lg-stretch align-items-md-stretch align-items-stretch gutters-col-lg-0 gutters-col-md-0 gutters-col-0 gutters-col-v-lg-0 gutters-col-v-md-0 gutters-col-v-0\">\n          <!---->\n          <div class=\"h-column h-column-container d-flex h-col-lg-auto h-col-md-auto h-col-auto style-243-outer style-local-6-c4-outer\">\n            <div data-colibri-id=\"6-c4\" class=\"d-flex h-flex-basis h-column__inner h-px-lg-0 h-px-md-0 h-px-0 v-inner-lg-0 v-inner-md-0 v-inner-0 style-243 style-local-6-c4 position-relative\">\n              <!---->\n              <!---->\n              <div class=\"w-100 h-y-container h-column__content h-column__v-align flex-basis-100 align-self-lg-start align-self-md-start align-self-start\">\n                <!---->\n                <div data-colibri-id=\"6-c5\" class=\"h-row-container gutters-row-lg-2 gutters-row-md-2 gutters-row-2 gutters-row-v-lg-2 gutters-row-v-md-2 gutters-row-v-2 colibri-dynamic-list style-244 style-local-6-c5 position-relative\">\n                  <!---->\n                  <div data-colibri-component=\"\" class=\"h-row justify-content-lg-start justify-content-md-start justify-content-start align-items-lg-stretch align-items-md-stretch align-items-stretch gutters-col-lg-2 gutters-col-md-2 gutters-col-2 gutters-col-v-lg-2 gutters-col-v-md-2 gutters-col-v-2 style-244-row style-local-6-c5-row\">\n                    <!---->\n        <div    class=\"h-column h-column-container d-flex h-col-lg-4 h-col-md-6 h-col-12 post-1 post type-post status-publish format-standard has-post-thumbnail hentry category-les-tatoueurs masonry-item style-245-outer style-local-6-c6-outer\"  ><div   data-colibri-id=\"6-c6\" class=\"d-flex h-flex-basis h-column__inner h-px-lg-2 h-px-md-2 h-px-2 v-inner-lg-2 v-inner-md-2 v-inner-2 style-245 style-local-6-c6 position-relative\"><!&#8212;-><!&#8212;-> <div  class=\"w-100 h-y-container h-column__content h-column__v-align flex-basis-100 align-self-lg-start align-self-md-start align-self-start\"><!&#8212;-> <div   data-href=\"https:\/\/dev.workerstattoo.com\/devdev\/index.php\/2023\/01\/12\/bonjour-tout-le-monde\/\" data-colibri-component=\"link\"  data-colibri-id=\"6-c7\" class=\"colibri-post-thumbnail colibri-post-has-thumbnail colibri-post-thumbnail-has-placeholder style-246 style-local-6-c7 h-overflow-hidden position-relative h-element\"  ><!&#8212;-><div   class=\"h-global-transition-all colibri-post-thumbnail-shortcode style-dynamic-6-c7-height\">            <a href=\"https:\/\/dev.workerstattoo.com\/devdev\/index.php\/2023\/01\/12\/bonjour-tout-le-monde\/\" title=\"INZI, Tatoueur \u00e0 Marseille, sp\u00e9cialis\u00e9 en  r\u00e9alisme et portrait\">\n\t\t\t\t<img loading=\"lazy\" decoding=\"async\" width=\"896\" height=\"1080\" src=\"https:\/\/dev.workerstattoo.com\/devdev\/wp-content\/uploads\/2023\/02\/colibri-image-252.png\" class=\"attachment-post-thumbnail size-post-thumbnail wp-post-image\" alt=\"\" srcset=\"https:\/\/dev.workerstattoo.com\/devdev\/wp-content\/uploads\/2023\/02\/colibri-image-252.png 896w, https:\/\/dev.workerstattoo.com\/devdev\/wp-content\/uploads\/2023\/02\/colibri-image-252-249x300.png 249w, https:\/\/dev.workerstattoo.com\/devdev\/wp-content\/uploads\/2023\/02\/colibri-image-252-850x1024.png 850w, https:\/\/dev.workerstattoo.com\/devdev\/wp-content\/uploads\/2023\/02\/colibri-image-252-768x926.png 768w\" sizes=\"auto, (max-width: 896px) 100vw, 896px\" \/>            <\/a>\n\t\t\t<\/div> <div  class=\"colibri-post-thumbnail-content align-items-lg-center align-items-md-center align-items-center flex-basis-100\"><div  class=\"w-100 h-y-container\"><!&#8212;-> <\/div><\/div><\/div><div   data-colibri-id=\"6-c8\" class=\"h-row-container gutters-row-lg-0 gutters-row-md-0 gutters-row-0 gutters-row-v-lg-0 gutters-row-v-md-0 gutters-row-v-0 style-247 style-local-6-c8 position-relative\"  ><!&#8212;-><div class=\"h-row justify-content-lg-center justify-content-md-center justify-content-center align-items-lg-stretch align-items-md-stretch align-items-stretch gutters-col-lg-0 gutters-col-md-0 gutters-col-0 gutters-col-v-lg-0 gutters-col-v-md-0 gutters-col-v-0\"><!&#8212;-> <div   class=\"h-column h-column-container d-flex h-col-lg-auto h-col-md-auto h-col-auto style-248-outer style-local-6-c9-outer\"  ><div  data-colibri-id=\"6-c9\" class=\"d-flex h-flex-basis h-column__inner h-px-lg-2 h-px-md-2 h-px-2 v-inner-lg-2 v-inner-md-2 v-inner-2 style-248 style-local-6-c9 position-relative\"><!&#8212;-><!&#8212;-> <div class=\"w-100 h-y-container h-column__content h-column__v-align flex-basis-100 align-self-lg-start align-self-md-start align-self-start\"><!&#8212;-> <div   data-colibri-id=\"6-c10\" class=\"h-blog-title style-249 style-local-6-c10 position-relative h-element\"  ><!&#8212;-><div  class=\"h-global-transition-all\"><a href=\"https:\/\/dev.workerstattoo.com\/devdev\/index.php\/2023\/01\/12\/bonjour-tout-le-monde\/\"><h4 class=\"colibri-word-wrap\">INZI, Tatoueur \u00e0 Marseille, sp\u00e9cialis\u00e9 en  r\u00e9alisme et portrait<\/h4><\/a><\/div><\/div><\/div><\/div><\/div><\/div><\/div><\/div><\/div><\/div>\n      \n      \n                    <\/div>\n                <\/div>\n              <\/div>\n            <\/div>\n          <\/div>\n        <\/div>\n      <\/div>\n    <\/div>\n  <\/div>\n<\/div>","protected":false},"excerpt":{"rendered":"<p>Nos artistes tatoueurs Nos tatoueurs professionnels et exp\u00e9riment\u00e9s proposent une large gamme de designs et de styles pour r\u00e9pondre \u00e0 tous les go\u00fbts. D\u00e9couvrez notre \u00e9quipe d\u2019artistes talentueux et laissez-vous inspirer par leur travail.<\/p>\n","protected":false},"author":1,"featured_media":0,"parent":0,"menu_order":0,"comment_status":"closed","ping_status":"closed","template":"page-templates\/homepage.php","meta":{"footnotes":""},"class_list":["post-6","page","type-page","status-publish","hentry"],"yoast_head":"<!-- This site is optimized with the Yoast SEO plugin v20.0 - https:\/\/yoast.com\/wordpress\/plugins\/seo\/ -->\n<title>Front Page - WORKERS TATTOO<\/title>\n<meta name=\"robots\" content=\"index, follow, max-snippet:-1, max-image-preview:large, max-video-preview:-1\" \/>\n<link rel=\"canonical\" href=\"https:\/\/dev.workerstattoo.com\/devdev\/\" \/>\n<meta property=\"og:locale\" content=\"en_US\" \/>\n<meta property=\"og:type\" content=\"article\" \/>\n<meta property=\"og:title\" content=\"Front Page - WORKERS TATTOO\" \/>\n<meta property=\"og:description\" content=\"Nos artistes tatoueurs Nos tatoueurs professionnels et exp\u00e9riment\u00e9s proposent une large gamme de designs et de styles pour r\u00e9pondre \u00e0 tous les go\u00fbts. D\u00e9couvrez notre \u00e9quipe d\u2019artistes talentueux et laissez-vous inspirer par leur travail.\" \/>\n<meta property=\"og:url\" content=\"https:\/\/dev.workerstattoo.com\/devdev\/\" \/>\n<meta property=\"og:site_name\" content=\"WORKERS TATTOO\" \/>\n<meta property=\"article:modified_time\" content=\"2023-02-07T00:24:15+00:00\" \/>\n<meta name=\"twitter:card\" content=\"summary_large_image\" \/>\n<meta name=\"twitter:label1\" content=\"Est. reading time\" \/>\n\t<meta name=\"twitter:data1\" content=\"2 minutes\" \/>\n<script type=\"application\/ld+json\" class=\"yoast-schema-graph\">{\"@context\":\"https:\/\/schema.org\",\"@graph\":[{\"@type\":\"WebPage\",\"@id\":\"https:\/\/dev.workerstattoo.com\/devdev\/\",\"url\":\"https:\/\/dev.workerstattoo.com\/devdev\/\",\"name\":\"Front Page - WORKERS TATTOO\",\"isPartOf\":{\"@id\":\"https:\/\/dev.workerstattoo.com\/devdev\/#website\"},\"datePublished\":\"2023-02-06T13:05:49+00:00\",\"dateModified\":\"2023-02-07T00:24:15+00:00\",\"breadcrumb\":{\"@id\":\"https:\/\/dev.workerstattoo.com\/devdev\/#breadcrumb\"},\"inLanguage\":\"en-US\",\"potentialAction\":[{\"@type\":\"ReadAction\",\"target\":[\"https:\/\/dev.workerstattoo.com\/devdev\/\"]}]},{\"@type\":\"BreadcrumbList\",\"@id\":\"https:\/\/dev.workerstattoo.com\/devdev\/#breadcrumb\",\"itemListElement\":[{\"@type\":\"ListItem\",\"position\":1,\"name\":\"Accueil\",\"item\":\"https:\/\/dev.workerstattoo.com\/devdev\/\"},{\"@type\":\"ListItem\",\"position\":2,\"name\":\"Front Page\"}]},{\"@type\":\"WebSite\",\"@id\":\"https:\/\/dev.workerstattoo.com\/devdev\/#website\",\"url\":\"https:\/\/dev.workerstattoo.com\/devdev\/\",\"name\":\"WORKERS TATTOO\",\"description\":\"Notre cr\u00e9ativit\u00e9, votre histoire.\",\"potentialAction\":[{\"@type\":\"SearchAction\",\"target\":{\"@type\":\"EntryPoint\",\"urlTemplate\":\"https:\/\/dev.workerstattoo.com\/devdev\/?s={search_term_string}\"},\"query-input\":\"required name=search_term_string\"}],\"inLanguage\":\"en-US\"}]}<\/script>\n<!-- \/ Yoast SEO plugin. -->","yoast_head_json":{"title":"Front Page - WORKERS TATTOO","robots":{"index":"index","follow":"follow","max-snippet":"max-snippet:-1","max-image-preview":"max-image-preview:large","max-video-preview":"max-video-preview:-1"},"canonical":"https:\/\/dev.workerstattoo.com\/devdev\/","og_locale":"en_US","og_type":"article","og_title":"Front Page - WORKERS TATTOO","og_description":"Nos artistes tatoueurs Nos tatoueurs professionnels et exp\u00e9riment\u00e9s proposent une large gamme de designs et de styles pour r\u00e9pondre \u00e0 tous les go\u00fbts. D\u00e9couvrez notre \u00e9quipe d\u2019artistes talentueux et laissez-vous inspirer par leur travail.","og_url":"https:\/\/dev.workerstattoo.com\/devdev\/","og_site_name":"WORKERS TATTOO","article_modified_time":"2023-02-07T00:24:15+00:00","twitter_card":"summary_large_image","twitter_misc":{"Est. reading time":"2 minutes"},"schema":{"@context":"https:\/\/schema.org","@graph":[{"@type":"WebPage","@id":"https:\/\/dev.workerstattoo.com\/devdev\/","url":"https:\/\/dev.workerstattoo.com\/devdev\/","name":"Front Page - WORKERS TATTOO","isPartOf":{"@id":"https:\/\/dev.workerstattoo.com\/devdev\/#website"},"datePublished":"2023-02-06T13:05:49+00:00","dateModified":"2023-02-07T00:24:15+00:00","breadcrumb":{"@id":"https:\/\/dev.workerstattoo.com\/devdev\/#breadcrumb"},"inLanguage":"en-US","potentialAction":[{"@type":"ReadAction","target":["https:\/\/dev.workerstattoo.com\/devdev\/"]}]},{"@type":"BreadcrumbList","@id":"https:\/\/dev.workerstattoo.com\/devdev\/#breadcrumb","itemListElement":[{"@type":"ListItem","position":1,"name":"Accueil","item":"https:\/\/dev.workerstattoo.com\/devdev\/"},{"@type":"ListItem","position":2,"name":"Front Page"}]},{"@type":"WebSite","@id":"https:\/\/dev.workerstattoo.com\/devdev\/#website","url":"https:\/\/dev.workerstattoo.com\/devdev\/","name":"WORKERS TATTOO","description":"Notre cr\u00e9ativit\u00e9, votre histoire.","potentialAction":[{"@type":"SearchAction","target":{"@type":"EntryPoint","urlTemplate":"https:\/\/dev.workerstattoo.com\/devdev\/?s={search_term_string}"},"query-input":"required name=search_term_string"}],"inLanguage":"en-US"}]}},"_links":{"self":[{"href":"https:\/\/dev.workerstattoo.com\/devdev\/index.php\/wp-json\/wp\/v2\/pages\/6","targetHints":{"allow":["GET"]}}],"collection":[{"href":"https:\/\/dev.workerstattoo.com\/devdev\/index.php\/wp-json\/wp\/v2\/pages"}],"about":[{"href":"https:\/\/dev.workerstattoo.com\/devdev\/index.php\/wp-json\/wp\/v2\/types\/page"}],"author":[{"embeddable":true,"href":"https:\/\/dev.workerstattoo.com\/devdev\/index.php\/wp-json\/wp\/v2\/users\/1"}],"replies":[{"embeddable":true,"href":"https:\/\/dev.workerstattoo.com\/devdev\/index.php\/wp-json\/wp\/v2\/comments?post=6"}],"version-history":[{"count":18,"href":"https:\/\/dev.workerstattoo.com\/devdev\/index.php\/wp-json\/wp\/v2\/pages\/6\/revisions"}],"predecessor-version":[{"id":353,"href":"https:\/\/dev.workerstattoo.com\/devdev\/index.php\/wp-json\/wp\/v2\/pages\/6\/revisions\/353"}],"wp:attachment":[{"href":"https:\/\/dev.workerstattoo.com\/devdev\/index.php\/wp-json\/wp\/v2\/media?parent=6"}],"curies":[{"name":"wp","href":"https:\/\/api.w.org\/{rel}","templated":true}]}}